{"id":2732,"date":"2023-05-09T10:18:13","date_gmt":"2023-05-09T10:18:13","guid":{"rendered":"https:\/\/ibericalanguages.com\/polityka-prywatnosci\/"},"modified":"2023-05-09T10:18:13","modified_gmt":"2023-05-09T10:18:13","slug":"polityka-prywatnosci","status":"publish","type":"page","link":"https:\/\/ibericalanguages.com\/pl\/polityka-prywatnosci\/","title":{"rendered":"Polityka prywatno\u015bci"},"content":{"rendered":"<div class=\"viewport\">\n<div class=\"content\">\n<section class=\"main-content-one-sidebar\">\n<article id=\"post-764\">\n<section>Zgodnie z postanowieniami Ustawy Organicznej 15\/1999 z dnia 13 grudnia o Ochronie Danych Osobowych (LOPD), informujemy, \u017ce ka\u017cde dane osobowe przekazane za po\u015brednictwem r\u00f3\u017cnych formularzy na tej stronie internetowej oznaczaj\u0105 wyra\u017cenie zgody na ich przetwarzanie w nast\u0119puj\u0105cy spos\u00f3b: <\/p>\n<h2>1. Odpowiedzialny za zbi\u00f3r danych<\/h2>\n<p> Ib\u00e9rica Languages jest w\u0142a\u015bcicielem strony internetowej www.ibericalanguages.com i odpowiedzialnym za zbi\u00f3r danych utworzony na podstawie informacji przekazanych przez u\u017cytkownik\u00f3w za po\u015brednictwem formularzy tej strony internetowej. <\/p>\n<h2>2. Cel przetwarzania danych<\/h2>\n<p> Zbieranie i zautomatyzowane przetwarzanie danych osobowych ma na celu: <\/p>\n<ul>\n<li>Rozwi\u0105zanie zapyta\u0144, w\u0105tpliwo\u015bci i\/lub sugestii zg\u0142oszonych przez u\u017cytkownika za po\u015brednictwem formularzy na stronie internetowej lub czatu online.<\/li>\n<li>Dokonanie rejestracji w wybranej szkole, przy czym u\u017cytkownik zezwala Ib\u00e9rica Languages na przekazanie swoich danych osobowych do nast\u0119puj\u0105cych odbiorc\u00f3w:<\/li>\n<\/ul>\n<ol>\n<li>Bezpo\u015brednio do szko\u0142y, w kt\u00f3rej si\u0119 zarejestruje.<\/li>\n<li>Do dostawc\u00f3w zakwaterowania, w razie potrzeby.<\/li>\n<li>Przetwarzanie danych w celach statystycznych.\n<\/li>\n<\/ol>\n<p> W \u017cadnym wypadku nie b\u0119d\u0105 wykorzystywane do innych cel\u00f3w ni\u017c wymienione powy\u017cej. <\/p>\n<h2>3. Odpowiedzialno\u015b\u0107 u\u017cytkownika<\/h2>\n<p> U\u017cytkownik gwarantuje, \u017ce przekazane dane osobowe s\u0105 prawdziwe i zobowi\u0105zuje si\u0119 do informowania o wszelkich zmianach tych danych. U\u017cytkownik ponosi wy\u0142\u0105czn\u0105 odpowiedzialno\u015b\u0107 za wszelkie szkody, zar\u00f3wno bezpo\u015brednie, jak i po\u015brednie, kt\u00f3re mog\u0105 powsta\u0107 w wyniku wype\u0142nienia formularzy danymi fa\u0142szywymi, niedok\u0142adnymi, niepe\u0142nymi lub nieaktualnymi, zar\u00f3wno wobec www.ibericalanguages.com, jak i os\u00f3b trzecich. W przypadku, gdy u\u017cytkownik zamieszcza dane osobowe os\u00f3b trzecich, przed ich dodaniem musi poinformowa\u0107 je o postanowieniach niniejszej polityki prywatno\u015bci, ponosz\u0105c wy\u0142\u0105czn\u0105 odpowiedzialno\u015b\u0107 za ich zamieszczenie.   <\/p>\n<h2>4. Prawo dost\u0119pu, poprawiania, usuni\u0119cia i sprzeciwu wobec danych<\/h2>\n<p> U\u017cytkownik mo\u017ce w ka\u017cdej chwili skorzysta\u0107 ze swojego prawa do dost\u0119pu, poprawienia, usuni\u0119cia i sprzeciwu wobec przetwarzania swoich danych osobowych, kieruj\u0105c si\u0119 do: <\/p>\n<ul>\n<li>info@ibericalanguages.com<\/li>\n<\/ul>\n<h2>5. Statystyki internetowe<\/h2>\n<p> W celu poprawy tre\u015bci oferowanej przez www.ibericalanguages.com i dostosowania jej do potrzeb u\u017cytkownik\u00f3w, niniejsza strona internetowa wykorzystuje Google Analytics jako system statystyki internetowej. W zwi\u0105zku z tym, do polityki prywatno\u015bci strony dodane s\u0105 nast\u0119puj\u0105ce postanowienia:  <em>Ta strona internetowa korzysta z Google Analytics, us\u0142ugi analitycznej \u015bwiadczonej przez Google, Inc., firm\u0119 z Delaware, kt\u00f3rej g\u0142\u00f3wna siedziba znajduje si\u0119 pod adresem 1600 Amphitheatre Parkway, Mountain View (Kalifornia), CA 94043, Stany Zjednoczone (\u201cGoogle\u201d). Google Analytics u\u017cywa \u201eciasteczek\u201d (cookies), czyli plik\u00f3w tekstowych umieszczonych na Twoim komputerze, aby pom\u00f3c stronie internetowej w analizie sposobu korzystania przez u\u017cytkownik\u00f3w z witryny. Informacje generowane przez ciasteczko dotycz\u0105ce korzystania z witryny (w tym adres IP) b\u0119d\u0105 bezpo\u015brednio przesy\u0142ane i przechowywane przez Google na serwerach w Stanach Zjednoczonych. Google wykorzysta te informacje w naszym imieniu w celu monitorowania korzystania z witryny, gromadzenia raport\u00f3w o aktywno\u015bci na stronie oraz \u015bwiadczenia innych us\u0142ug zwi\u0105zanych z aktywno\u015bci\u0105 na stronie i korzystaniem z Internetu. Google mo\u017ce przekazywa\u0107 te informacje stronom trzecim, je\u015bli wymaga tego prawo, lub gdy strony trzecie przetwarzaj\u0105 informacje w imieniu Google. Google nie powi\u0105\u017ce Twojego adresu IP z \u017cadnymi innymi danymi, kt\u00f3re posiada Google. Mo\u017cesz odm\u00f3wi\u0107 przetwarzania danych lub informacji poprzez odrzucenie u\u017cywania ciasteczek, wybieraj\u0105c odpowiednie ustawienia w swojej przegl\u0105darce, jednak nale\u017cy pami\u0119ta\u0107, \u017ce mo\u017ce to spowodowa\u0107 utrat\u0119 pe\u0142nej funkcjonalno\u015bci tej strony. Korzystaj\u0105c z tej strony, wyra\u017casz zgod\u0119 na przetwarzanie przez Google informacji na Tw\u00f3j temat w spos\u00f3b i w celu opisanym powy\u017cej.<\/em><\/p>\n<\/section>\n<\/article>\n<\/section>\n<\/div>\n<\/div>\n","protected":false},"excerpt":{"rendered":"<p>Zgodnie z postanowieniami Ustawy Organicznej 15\/1999 z dnia 13 grudnia o Ochronie Danych Osobowych (LOPD), informujemy, \u017ce ka\u017cde dane osobowe przekazane za po\u015brednictwem r\u00f3\u017cnych formularzy na tej stronie internetowej oznaczaj\u0105 wyra\u017cenie zgody na ich przetwarzanie w nast\u0119puj\u0105cy spos\u00f3b: 1. Odpowiedzialny za zbi\u00f3r danych Ib\u00e9rica Languages jest w\u0142a\u015bcicielem strony internetowej www.ibericalanguages.com i odpowiedzialnym za zbi\u00f3r danych &hellip;<\/p>\n<p class=\"read-more\"> <a class=\"\" href=\"https:\/\/ibericalanguages.com\/pl\/polityka-prywatnosci\/\"> <span class=\"screen-reader-text\">Polityka prywatno\u015bci<\/span> Read More &raquo;<\/a><\/p>\n","protected":false},"author":1,"featured_media":0,"parent":0,"menu_order":0,"comment_status":"closed","ping_status":"closed","template":"","meta":{"site-sidebar-layout":"default","site-content-layout":"default","ast-global-header-display":"","ast-main-header-display":"","ast-hfb-above-header-display":"","ast-hfb-below-header-display":"","ast-hfb-mobile-header-display":"","site-post-title":"","ast-breadcrumbs-content":"","ast-featured-img":"","footer-sml-layout":"","theme-transparent-header-meta":"default","adv-header-id-meta":"","stick-header-meta":"","header-above-stick-meta":"","header-main-stick-meta":"","header-below-stick-meta":"","_joinchat":[],"footnotes":""},"class_list":["post-2732","page","type-page","status-publish","hentry"],"yoast_head":"<!-- This site is optimized with the Yoast SEO plugin v23.6 - https:\/\/yoast.com\/wordpress\/plugins\/seo\/ -->\n<title>Polityka prywatno\u015bci - Iberica Languages<\/title>\n<meta name=\"robots\" content=\"noindex, nofollow\" \/>\n<meta property=\"og:locale\" content=\"pl_PL\" \/>\n<meta property=\"og:type\" content=\"article\" \/>\n<meta property=\"og:title\" content=\"Polityka prywatno\u015bci - Iberica Languages\" \/>\n<meta property=\"og:description\" content=\"Zgodnie z postanowieniami Ustawy Organicznej 15\/1999 z dnia 13 grudnia o Ochronie Danych Osobowych (LOPD), informujemy, \u017ce ka\u017cde dane osobowe przekazane za po\u015brednictwem r\u00f3\u017cnych formularzy na tej stronie internetowej oznaczaj\u0105 wyra\u017cenie zgody na ich przetwarzanie w nast\u0119puj\u0105cy spos\u00f3b: 1. Odpowiedzialny za zbi\u00f3r danych Ib\u00e9rica Languages jest w\u0142a\u015bcicielem strony internetowej www.ibericalanguages.com i odpowiedzialnym za zbi\u00f3r danych &hellip; Polityka prywatno\u015bci Read More &raquo;\" \/>\n<meta property=\"og:url\" content=\"https:\/\/ibericalanguages.com\/pl\/polityka-prywatnosci\/\" \/>\n<meta property=\"og:site_name\" content=\"Iberica Languages\" \/>\n<meta property=\"article:publisher\" content=\"https:\/\/www.facebook.com\/ibericalanguages\/\" \/>\n<meta name=\"twitter:card\" content=\"summary_large_image\" \/>\n<meta name=\"twitter:label1\" content=\"Szacowany czas czytania\" \/>\n\t<meta name=\"twitter:data1\" content=\"3 minuty\" \/>\n<script type=\"application\/ld+json\" class=\"yoast-schema-graph\">{\"@context\":\"https:\/\/schema.org\",\"@graph\":[{\"@type\":\"WebPage\",\"@id\":\"https:\/\/ibericalanguages.com\/pl\/polityka-prywatnosci\/\",\"url\":\"https:\/\/ibericalanguages.com\/pl\/polityka-prywatnosci\/\",\"name\":\"Polityka prywatno\u015bci - Iberica Languages\",\"isPartOf\":{\"@id\":\"https:\/\/ibericalanguages.com\/pl\/#website\"},\"datePublished\":\"2023-05-09T10:18:13+00:00\",\"dateModified\":\"2023-05-09T10:18:13+00:00\",\"breadcrumb\":{\"@id\":\"https:\/\/ibericalanguages.com\/pl\/polityka-prywatnosci\/#breadcrumb\"},\"inLanguage\":\"pl-PL\",\"potentialAction\":[{\"@type\":\"ReadAction\",\"target\":[\"https:\/\/ibericalanguages.com\/pl\/polityka-prywatnosci\/\"]}]},{\"@type\":\"BreadcrumbList\",\"@id\":\"https:\/\/ibericalanguages.com\/pl\/polityka-prywatnosci\/#breadcrumb\",\"itemListElement\":[{\"@type\":\"ListItem\",\"position\":1,\"name\":\"Portada\",\"item\":\"https:\/\/ibericalanguages.com\/pl\/\"},{\"@type\":\"ListItem\",\"position\":2,\"name\":\"Polityka prywatno\u015bci\"}]},{\"@type\":\"WebSite\",\"@id\":\"https:\/\/ibericalanguages.com\/pl\/#website\",\"url\":\"https:\/\/ibericalanguages.com\/pl\/\",\"name\":\"Iberica Languages\",\"description\":\"Aprende idiomas en las mejores escuelas\",\"publisher\":{\"@id\":\"https:\/\/ibericalanguages.com\/pl\/#organization\"},\"alternateName\":\"ibericalanguages.com\",\"potentialAction\":[{\"@type\":\"SearchAction\",\"target\":{\"@type\":\"EntryPoint\",\"urlTemplate\":\"https:\/\/ibericalanguages.com\/pl\/?s={search_term_string}\"},\"query-input\":{\"@type\":\"PropertyValueSpecification\",\"valueRequired\":true,\"valueName\":\"search_term_string\"}}],\"inLanguage\":\"pl-PL\"},{\"@type\":\"Organization\",\"@id\":\"https:\/\/ibericalanguages.com\/pl\/#organization\",\"name\":\"Iberica Languages\",\"alternateName\":\"ibericalanguages.com\",\"url\":\"https:\/\/ibericalanguages.com\/pl\/\",\"logo\":{\"@type\":\"ImageObject\",\"inLanguage\":\"pl-PL\",\"@id\":\"https:\/\/ibericalanguages.com\/pl\/#\/schema\/logo\/image\/\",\"url\":\"https:\/\/ibericalanguages.com\/wp-content\/uploads\/2024\/10\/Iberica-Languages-1-1-1-02-1.jpg\",\"contentUrl\":\"https:\/\/ibericalanguages.com\/wp-content\/uploads\/2024\/10\/Iberica-Languages-1-1-1-02-1.jpg\",\"width\":2501,\"height\":1668,\"caption\":\"Iberica Languages\"},\"image\":{\"@id\":\"https:\/\/ibericalanguages.com\/pl\/#\/schema\/logo\/image\/\"},\"sameAs\":[\"https:\/\/www.facebook.com\/ibericalanguages\/\"]}]}<\/script>\n<!-- \/ Yoast SEO plugin. -->","yoast_head_json":{"title":"Polityka prywatno\u015bci - Iberica Languages","robots":{"index":"noindex","follow":"nofollow"},"og_locale":"pl_PL","og_type":"article","og_title":"Polityka prywatno\u015bci - Iberica Languages","og_description":"Zgodnie z postanowieniami Ustawy Organicznej 15\/1999 z dnia 13 grudnia o Ochronie Danych Osobowych (LOPD), informujemy, \u017ce ka\u017cde dane osobowe przekazane za po\u015brednictwem r\u00f3\u017cnych formularzy na tej stronie internetowej oznaczaj\u0105 wyra\u017cenie zgody na ich przetwarzanie w nast\u0119puj\u0105cy spos\u00f3b: 1. Odpowiedzialny za zbi\u00f3r danych Ib\u00e9rica Languages jest w\u0142a\u015bcicielem strony internetowej www.ibericalanguages.com i odpowiedzialnym za zbi\u00f3r danych &hellip; Polityka prywatno\u015bci Read More &raquo;","og_url":"https:\/\/ibericalanguages.com\/pl\/polityka-prywatnosci\/","og_site_name":"Iberica Languages","article_publisher":"https:\/\/www.facebook.com\/ibericalanguages\/","twitter_card":"summary_large_image","twitter_misc":{"Szacowany czas czytania":"3 minuty"},"schema":{"@context":"https:\/\/schema.org","@graph":[{"@type":"WebPage","@id":"https:\/\/ibericalanguages.com\/pl\/polityka-prywatnosci\/","url":"https:\/\/ibericalanguages.com\/pl\/polityka-prywatnosci\/","name":"Polityka prywatno\u015bci - Iberica Languages","isPartOf":{"@id":"https:\/\/ibericalanguages.com\/pl\/#website"},"datePublished":"2023-05-09T10:18:13+00:00","dateModified":"2023-05-09T10:18:13+00:00","breadcrumb":{"@id":"https:\/\/ibericalanguages.com\/pl\/polityka-prywatnosci\/#breadcrumb"},"inLanguage":"pl-PL","potentialAction":[{"@type":"ReadAction","target":["https:\/\/ibericalanguages.com\/pl\/polityka-prywatnosci\/"]}]},{"@type":"BreadcrumbList","@id":"https:\/\/ibericalanguages.com\/pl\/polityka-prywatnosci\/#breadcrumb","itemListElement":[{"@type":"ListItem","position":1,"name":"Portada","item":"https:\/\/ibericalanguages.com\/pl\/"},{"@type":"ListItem","position":2,"name":"Polityka prywatno\u015bci"}]},{"@type":"WebSite","@id":"https:\/\/ibericalanguages.com\/pl\/#website","url":"https:\/\/ibericalanguages.com\/pl\/","name":"Iberica Languages","description":"Aprende idiomas en las mejores escuelas","publisher":{"@id":"https:\/\/ibericalanguages.com\/pl\/#organization"},"alternateName":"ibericalanguages.com","potentialAction":[{"@type":"SearchAction","target":{"@type":"EntryPoint","urlTemplate":"https:\/\/ibericalanguages.com\/pl\/?s={search_term_string}"},"query-input":{"@type":"PropertyValueSpecification","valueRequired":true,"valueName":"search_term_string"}}],"inLanguage":"pl-PL"},{"@type":"Organization","@id":"https:\/\/ibericalanguages.com\/pl\/#organization","name":"Iberica Languages","alternateName":"ibericalanguages.com","url":"https:\/\/ibericalanguages.com\/pl\/","logo":{"@type":"ImageObject","inLanguage":"pl-PL","@id":"https:\/\/ibericalanguages.com\/pl\/#\/schema\/logo\/image\/","url":"https:\/\/ibericalanguages.com\/wp-content\/uploads\/2024\/10\/Iberica-Languages-1-1-1-02-1.jpg","contentUrl":"https:\/\/ibericalanguages.com\/wp-content\/uploads\/2024\/10\/Iberica-Languages-1-1-1-02-1.jpg","width":2501,"height":1668,"caption":"Iberica Languages"},"image":{"@id":"https:\/\/ibericalanguages.com\/pl\/#\/schema\/logo\/image\/"},"sameAs":["https:\/\/www.facebook.com\/ibericalanguages\/"]}]}},"_links":{"self":[{"href":"https:\/\/ibericalanguages.com\/pl\/wp-json\/wp\/v2\/pages\/2732","targetHints":{"allow":["GET"]}}],"collection":[{"href":"https:\/\/ibericalanguages.com\/pl\/wp-json\/wp\/v2\/pages"}],"about":[{"href":"https:\/\/ibericalanguages.com\/pl\/wp-json\/wp\/v2\/types\/page"}],"author":[{"embeddable":true,"href":"https:\/\/ibericalanguages.com\/pl\/wp-json\/wp\/v2\/users\/1"}],"replies":[{"embeddable":true,"href":"https:\/\/ibericalanguages.com\/pl\/wp-json\/wp\/v2\/comments?post=2732"}],"version-history":[{"count":0,"href":"https:\/\/ibericalanguages.com\/pl\/wp-json\/wp\/v2\/pages\/2732\/revisions"}],"wp:attachment":[{"href":"https:\/\/ibericalanguages.com\/pl\/wp-json\/wp\/v2\/media?parent=2732"}],"curies":[{"name":"wp","href":"https:\/\/api.w.org\/{rel}","templated":true}]}}