{"id":2731,"date":"2023-05-09T10:17:52","date_gmt":"2023-05-09T10:17:52","guid":{"rendered":"https:\/\/ibericalanguages.com\/nota-prawna\/"},"modified":"2023-05-09T10:17:52","modified_gmt":"2023-05-09T10:17:52","slug":"nota-prawna","status":"publish","type":"page","link":"https:\/\/ibericalanguages.com\/pl\/nota-prawna\/","title":{"rendered":"Nota prawna"},"content":{"rendered":"<div class=\"viewport\">\n<div class=\"content\">\n<section class=\"main-content-one-sidebar\">\n<article id=\"post-758\">\n<section>\n<h2><b>Warunki u\u017cytkowania<\/b><\/h2>\n<p> Za po\u015brednictwem strony www.ibericalanguages.com zapewniony jest dost\u0119p do portalu internetowego nale\u017c\u0105cego do Ib\u00e9rica Languages, kt\u00f3ry umo\u017cliwia u\u017cytkownikom og\u00f3lny dost\u0119p do informacji, dzia\u0142a\u0144, produkt\u00f3w i us\u0142ug, kt\u00f3re oferuje. Po\u0142\u0105czenie si\u0119 z t\u0105 stron\u0105 internetow\u0105 nadaje przegl\u0105daj\u0105cemu status U\u017cytkownika Witryny, co oznacza akceptacj\u0119 niniejszego Zawiadomienia Prawnego. U\u017cytkownik zobowi\u0105zuje si\u0119 nie wykorzystywa\u0107 \u017cadnych tre\u015bci udost\u0119pnionych przez www.ibericalanguages.com do prowadzenia dzia\u0142alno\u015bci sprzecznej z prawem, moralno\u015bci\u0105 lub porz\u0105dkiem publicznym oraz og\u00f3lnie do korzystania z nich zgodnie z niniejszymi warunkami; i b\u0119dzie odpowiada\u0107 wobec w\u0142a\u015bciciela i\/lub os\u00f3b trzecich za wszelkie szkody, kt\u00f3re mog\u0105 powsta\u0107 w wyniku naruszenia tego obowi\u0105zku. Osoba korzystaj\u0105ca z tej strony internetowej robi to na w\u0142asn\u0105 odpowiedzialno\u015b\u0107. Ib\u00e9rica Languages zastrzega sobie prawo do tymczasowego lub trwa\u0142ego przerwania dost\u0119pu do swojej strony internetowej, us\u0142ug i tre\u015bci Portalu, gdy uzna to za stosowne, bez wcze\u015bniejszego powiadomienia, czy to z powod\u00f3w technicznych, bezpiecze\u0144stwa, kontroli, konserwacji, awarii zasilania lub z jakiegokolwiek innego powodu. Ib\u00e9rica Languages zastrzega sobie prawo do zmiany, w dowolnym momencie i bez wcze\u015bniejszego powiadomienia, konfiguracji, prezentacji lub wygl\u0105du swojej strony internetowej, a tak\u017ce niekt\u00f3rych lub wszystkich tre\u015bci oraz do modyfikowania warunk\u00f3w u\u017cytkowania okre\u015blonych w niniejszym Zawiadomieniu Prawnym.      <\/p>\n<h2><b>W\u0142asno\u015b\u0107 Intelektualna i Przemys\u0142owa<\/b><\/h2>\n<p> Prawa w\u0142asno\u015bci intelektualnej do wszystkich tre\u015bci i projektu graficznego tej strony internetowej nale\u017c\u0105 do Ib\u00e9rica Languages lub szk\u00f3\u0142 wsp\u00f3\u0142pracuj\u0105cych. Reprodukcja, kopiowanie, u\u017cytkowanie, dystrybucja, komercjalizacja, publiczne udost\u0119pnianie, z wyj\u0105tkiem u\u017cytku osobistego i prywatnego, bez zgody, stanowi naruszenie praw w\u0142asno\u015bci intelektualnej Ib\u00e9rica Languages lub jej szk\u00f3\u0142 wsp\u00f3\u0142pracuj\u0105cych, podlegaj\u0105ce sankcjom zgodnie z obowi\u0105zuj\u0105cym prawem. R\u00f3wnie\u017c wszystkie nazwy handlowe, marki lub znaki rozpoznawcze jakiegokolwiek rodzaju zawarte na stronie internetowej s\u0105 chronione prawem. U\u017cytkownik przyjmuje r\u00f3wnie\u017c do wiadomo\u015bci, \u017ce informacje, do kt\u00f3rych ma dost\u0119p za po\u015brednictwem strony internetowej, mog\u0105 by\u0107 chronione prawami w\u0142asno\u015bci przemys\u0142owej, intelektualnej lub innymi prawami. Ib\u00e9rica Languages nie ponosi w \u017cadnym wypadku i pod \u017cadnym pozorem odpowiedzialno\u015bci za naruszenia takich praw, kt\u00f3re mog\u0105 zosta\u0107 pope\u0142nione przez U\u017cytkownika.     <\/p>\n<h2><b>Odpowiedzialno\u015b\u0107<\/b><\/h2>\n<p> Ib\u00e9rica Languages nie ponosi odpowiedzialno\u015bci za niew\u0142a\u015bciwe wykorzystanie tre\u015bci strony internetowej przez U\u017cytkownik\u00f3w Internetu, przy czym to U\u017cytkownik ponosi wy\u0142\u0105czn\u0105 odpowiedzialno\u015b\u0107 za wszelkie naruszenia, kt\u00f3rych mo\u017ce si\u0119 dopu\u015bci\u0107. W podobny spos\u00f3b Ib\u00e9rica Languages nie ponosi odpowiedzialno\u015bci za jakiekolwiek informacje nie zawarte na tych stronach internetowych, a zatem nie opracowane przez Ib\u00e9rica Languages ani nie opublikowane pod jej nazw\u0105. Ib\u00e9rica Languages nie ponosi odpowiedzialno\u015bci w przypadku przerw w \u015bwiadczeniu us\u0142ug, op\u00f3\u017anie\u0144, b\u0142\u0119d\u00f3w, awarii ani innych niedogodno\u015bci, kt\u00f3re wynikaj\u0105 z przyczyn poza kontrol\u0105 Ib\u00e9rica Languages i\/lub z powodu dzia\u0142ania umy\u015blnego lub niedba\u0142ego U\u017cytkownika i\/lub wynikaj\u0105 z przyczyn si\u0142y wy\u017cszej.<br \/>Bez uszczerbku dla postanowie\u0144 art. 1105 Kodeksu Cywilnego, za si\u0142\u0119 wy\u017csz\u0105 b\u0119d\u0105 r\u00f3wnie\u017c uznawane, do cel\u00f3w niniejszych warunk\u00f3w og\u00f3lnych, wszelkie zdarzenia pozostaj\u0105ce poza kontrol\u0105 Ib\u00e9rica Languages, takie jak: awaria os\u00f3b trzecich, operator\u00f3w lub firm us\u0142ugowych, dzia\u0142ania rz\u0105du, brak dost\u0119pu do sieci stron trzecich, dzia\u0142ania lub zaniechania w\u0142adz publicznych, inne zdarzenia spowodowane zjawiskami naturalnymi, przerwy w dostawie pr\u0105du itp. oraz ataki haker\u00f3w lub wyspecjalizowanych os\u00f3b trzecich na bezpiecze\u0144stwo lub integralno\u015b\u0107 systemu informatycznego, pod warunkiem, \u017ce Ib\u00e9rica Languages zastosowa\u0142a wszystkie dost\u0119pne \u015brodki bezpiecze\u0144stwa zgodne ze stanem techniki.<br \/>W ka\u017cdym przypadku, niezale\u017cnie od przyczyny, Ib\u00e9rica Languages nie ponosi odpowiedzialno\u015bci za jakiekolwiek szkody, zar\u00f3wno bezpo\u015brednie, jak i po\u015brednie, szkody rzeczywiste i\/lub utracone korzy\u015bci. Ib\u00e9rica Languages ma prawo, bez \u017cadnych odszkodowa\u0144 dla U\u017cytkownika z tego tytu\u0142u, do czasowego zawieszenia us\u0142ug i tre\u015bci Witryny w celu przeprowadzenia operacji konserwacyjnych, ulepszaj\u0105cych lub naprawczych.<br \/>Ib\u00e9rica Languages nie ponosi odpowiedzialno\u015bci za ewentualne szkody, kt\u00f3re mog\u0105 wyst\u0105pi\u0107 w sprz\u0119cie U\u017cytkownik\u00f3w w wyniku potencjalnych wirus\u00f3w komputerowych nabytych przez U\u017cytkownika w wyniku nawigacji po Witrynie lub za jakiekolwiek inne szkody wynikaj\u0105ce z takiej nawigacji. Ib\u00e9rica Languages jest odpowiedzialna za prawdziwo\u015b\u0107 niniejszej Witryny i jej tre\u015bci, ale nie za ewentualne zmiany wprowadzone przez szko\u0142y wsp\u00f3\u0142pracuj\u0105ce bez uprzedniego powiadomienia.         <\/p>\n<h2><b>Jurysdykcja i prawo w\u0142a\u015bciwe<\/b><\/h2>\n<p> W przypadku jakiegokolwiek sporu zwi\u0105zanego z niniejszym zawiadomieniem prawnym strony wyra\u017caj\u0105 zgod\u0119 na poddanie si\u0119 jurysdykcji s\u0105d\u00f3w w Maladze (Hiszpania) oraz w\u0142a\u015bciwemu prawu krajowemu i regionalnemu. <\/section>\n<\/article>\n<\/section>\n<\/div>\n<\/div>\n","protected":false},"excerpt":{"rendered":"<p>Warunki u\u017cytkowania Za po\u015brednictwem strony www.ibericalanguages.com zapewniony jest dost\u0119p do portalu internetowego nale\u017c\u0105cego do Ib\u00e9rica Languages, kt\u00f3ry umo\u017cliwia u\u017cytkownikom og\u00f3lny dost\u0119p do informacji, dzia\u0142a\u0144, produkt\u00f3w i us\u0142ug, kt\u00f3re oferuje. Po\u0142\u0105czenie si\u0119 z t\u0105 stron\u0105 internetow\u0105 nadaje przegl\u0105daj\u0105cemu status U\u017cytkownika Witryny, co oznacza akceptacj\u0119 niniejszego Zawiadomienia Prawnego. U\u017cytkownik zobowi\u0105zuje si\u0119 nie wykorzystywa\u0107 \u017cadnych tre\u015bci udost\u0119pnionych przez &hellip;<\/p>\n<p class=\"read-more\"> <a class=\"\" href=\"https:\/\/ibericalanguages.com\/pl\/nota-prawna\/\"> <span class=\"screen-reader-text\">Nota prawna<\/span> Read More &raquo;<\/a><\/p>\n","protected":false},"author":1,"featured_media":0,"parent":0,"menu_order":0,"comment_status":"closed","ping_status":"closed","template":"","meta":{"site-sidebar-layout":"default","site-content-layout":"default","ast-global-header-display":"","ast-main-header-display":"","ast-hfb-above-header-display":"","ast-hfb-below-header-display":"","ast-hfb-mobile-header-display":"","site-post-title":"","ast-breadcrumbs-content":"","ast-featured-img":"","footer-sml-layout":"","theme-transparent-header-meta":"default","adv-header-id-meta":"","stick-header-meta":"","header-above-stick-meta":"","header-main-stick-meta":"","header-below-stick-meta":"","_joinchat":[],"footnotes":""},"class_list":["post-2731","page","type-page","status-publish","hentry"],"yoast_head":"<!-- This site is optimized with the Yoast SEO plugin v23.6 - https:\/\/yoast.com\/wordpress\/plugins\/seo\/ -->\n<title>Nota prawna - Iberica Languages<\/title>\n<meta name=\"robots\" content=\"noindex, nofollow\" \/>\n<meta property=\"og:locale\" content=\"pl_PL\" \/>\n<meta property=\"og:type\" content=\"article\" \/>\n<meta property=\"og:title\" content=\"Nota prawna - Iberica Languages\" \/>\n<meta property=\"og:description\" content=\"Warunki u\u017cytkowania Za po\u015brednictwem strony www.ibericalanguages.com zapewniony jest dost\u0119p do portalu internetowego nale\u017c\u0105cego do Ib\u00e9rica Languages, kt\u00f3ry umo\u017cliwia u\u017cytkownikom og\u00f3lny dost\u0119p do informacji, dzia\u0142a\u0144, produkt\u00f3w i us\u0142ug, kt\u00f3re oferuje. Po\u0142\u0105czenie si\u0119 z t\u0105 stron\u0105 internetow\u0105 nadaje przegl\u0105daj\u0105cemu status U\u017cytkownika Witryny, co oznacza akceptacj\u0119 niniejszego Zawiadomienia Prawnego. U\u017cytkownik zobowi\u0105zuje si\u0119 nie wykorzystywa\u0107 \u017cadnych tre\u015bci udost\u0119pnionych przez &hellip; Nota prawna Read More &raquo;\" \/>\n<meta property=\"og:url\" content=\"https:\/\/ibericalanguages.com\/pl\/nota-prawna\/\" \/>\n<meta property=\"og:site_name\" content=\"Iberica Languages\" \/>\n<meta property=\"article:publisher\" content=\"https:\/\/www.facebook.com\/ibericalanguages\/\" \/>\n<meta name=\"twitter:card\" content=\"summary_large_image\" \/>\n<meta name=\"twitter:label1\" content=\"Szacowany czas czytania\" \/>\n\t<meta name=\"twitter:data1\" content=\"4 minuty\" \/>\n<script type=\"application\/ld+json\" class=\"yoast-schema-graph\">{\"@context\":\"https:\/\/schema.org\",\"@graph\":[{\"@type\":\"WebPage\",\"@id\":\"https:\/\/ibericalanguages.com\/pl\/nota-prawna\/\",\"url\":\"https:\/\/ibericalanguages.com\/pl\/nota-prawna\/\",\"name\":\"Nota prawna - Iberica Languages\",\"isPartOf\":{\"@id\":\"https:\/\/ibericalanguages.com\/pl\/#website\"},\"datePublished\":\"2023-05-09T10:17:52+00:00\",\"dateModified\":\"2023-05-09T10:17:52+00:00\",\"breadcrumb\":{\"@id\":\"https:\/\/ibericalanguages.com\/pl\/nota-prawna\/#breadcrumb\"},\"inLanguage\":\"pl-PL\",\"potentialAction\":[{\"@type\":\"ReadAction\",\"target\":[\"https:\/\/ibericalanguages.com\/pl\/nota-prawna\/\"]}]},{\"@type\":\"BreadcrumbList\",\"@id\":\"https:\/\/ibericalanguages.com\/pl\/nota-prawna\/#breadcrumb\",\"itemListElement\":[{\"@type\":\"ListItem\",\"position\":1,\"name\":\"Portada\",\"item\":\"https:\/\/ibericalanguages.com\/pl\/\"},{\"@type\":\"ListItem\",\"position\":2,\"name\":\"Nota prawna\"}]},{\"@type\":\"WebSite\",\"@id\":\"https:\/\/ibericalanguages.com\/pl\/#website\",\"url\":\"https:\/\/ibericalanguages.com\/pl\/\",\"name\":\"Iberica Languages\",\"description\":\"Aprende idiomas en las mejores escuelas\",\"publisher\":{\"@id\":\"https:\/\/ibericalanguages.com\/pl\/#organization\"},\"alternateName\":\"ibericalanguages.com\",\"potentialAction\":[{\"@type\":\"SearchAction\",\"target\":{\"@type\":\"EntryPoint\",\"urlTemplate\":\"https:\/\/ibericalanguages.com\/pl\/?s={search_term_string}\"},\"query-input\":{\"@type\":\"PropertyValueSpecification\",\"valueRequired\":true,\"valueName\":\"search_term_string\"}}],\"inLanguage\":\"pl-PL\"},{\"@type\":\"Organization\",\"@id\":\"https:\/\/ibericalanguages.com\/pl\/#organization\",\"name\":\"Iberica Languages\",\"alternateName\":\"ibericalanguages.com\",\"url\":\"https:\/\/ibericalanguages.com\/pl\/\",\"logo\":{\"@type\":\"ImageObject\",\"inLanguage\":\"pl-PL\",\"@id\":\"https:\/\/ibericalanguages.com\/pl\/#\/schema\/logo\/image\/\",\"url\":\"https:\/\/ibericalanguages.com\/wp-content\/uploads\/2024\/10\/Iberica-Languages-1-1-1-02-1.jpg\",\"contentUrl\":\"https:\/\/ibericalanguages.com\/wp-content\/uploads\/2024\/10\/Iberica-Languages-1-1-1-02-1.jpg\",\"width\":2501,\"height\":1668,\"caption\":\"Iberica Languages\"},\"image\":{\"@id\":\"https:\/\/ibericalanguages.com\/pl\/#\/schema\/logo\/image\/\"},\"sameAs\":[\"https:\/\/www.facebook.com\/ibericalanguages\/\"]}]}<\/script>\n<!-- \/ Yoast SEO plugin. -->","yoast_head_json":{"title":"Nota prawna - Iberica Languages","robots":{"index":"noindex","follow":"nofollow"},"og_locale":"pl_PL","og_type":"article","og_title":"Nota prawna - Iberica Languages","og_description":"Warunki u\u017cytkowania Za po\u015brednictwem strony www.ibericalanguages.com zapewniony jest dost\u0119p do portalu internetowego nale\u017c\u0105cego do Ib\u00e9rica Languages, kt\u00f3ry umo\u017cliwia u\u017cytkownikom og\u00f3lny dost\u0119p do informacji, dzia\u0142a\u0144, produkt\u00f3w i us\u0142ug, kt\u00f3re oferuje. Po\u0142\u0105czenie si\u0119 z t\u0105 stron\u0105 internetow\u0105 nadaje przegl\u0105daj\u0105cemu status U\u017cytkownika Witryny, co oznacza akceptacj\u0119 niniejszego Zawiadomienia Prawnego. U\u017cytkownik zobowi\u0105zuje si\u0119 nie wykorzystywa\u0107 \u017cadnych tre\u015bci udost\u0119pnionych przez &hellip; Nota prawna Read More &raquo;","og_url":"https:\/\/ibericalanguages.com\/pl\/nota-prawna\/","og_site_name":"Iberica Languages","article_publisher":"https:\/\/www.facebook.com\/ibericalanguages\/","twitter_card":"summary_large_image","twitter_misc":{"Szacowany czas czytania":"4 minuty"},"schema":{"@context":"https:\/\/schema.org","@graph":[{"@type":"WebPage","@id":"https:\/\/ibericalanguages.com\/pl\/nota-prawna\/","url":"https:\/\/ibericalanguages.com\/pl\/nota-prawna\/","name":"Nota prawna - Iberica Languages","isPartOf":{"@id":"https:\/\/ibericalanguages.com\/pl\/#website"},"datePublished":"2023-05-09T10:17:52+00:00","dateModified":"2023-05-09T10:17:52+00:00","breadcrumb":{"@id":"https:\/\/ibericalanguages.com\/pl\/nota-prawna\/#breadcrumb"},"inLanguage":"pl-PL","potentialAction":[{"@type":"ReadAction","target":["https:\/\/ibericalanguages.com\/pl\/nota-prawna\/"]}]},{"@type":"BreadcrumbList","@id":"https:\/\/ibericalanguages.com\/pl\/nota-prawna\/#breadcrumb","itemListElement":[{"@type":"ListItem","position":1,"name":"Portada","item":"https:\/\/ibericalanguages.com\/pl\/"},{"@type":"ListItem","position":2,"name":"Nota prawna"}]},{"@type":"WebSite","@id":"https:\/\/ibericalanguages.com\/pl\/#website","url":"https:\/\/ibericalanguages.com\/pl\/","name":"Iberica Languages","description":"Aprende idiomas en las mejores escuelas","publisher":{"@id":"https:\/\/ibericalanguages.com\/pl\/#organization"},"alternateName":"ibericalanguages.com","potentialAction":[{"@type":"SearchAction","target":{"@type":"EntryPoint","urlTemplate":"https:\/\/ibericalanguages.com\/pl\/?s={search_term_string}"},"query-input":{"@type":"PropertyValueSpecification","valueRequired":true,"valueName":"search_term_string"}}],"inLanguage":"pl-PL"},{"@type":"Organization","@id":"https:\/\/ibericalanguages.com\/pl\/#organization","name":"Iberica Languages","alternateName":"ibericalanguages.com","url":"https:\/\/ibericalanguages.com\/pl\/","logo":{"@type":"ImageObject","inLanguage":"pl-PL","@id":"https:\/\/ibericalanguages.com\/pl\/#\/schema\/logo\/image\/","url":"https:\/\/ibericalanguages.com\/wp-content\/uploads\/2024\/10\/Iberica-Languages-1-1-1-02-1.jpg","contentUrl":"https:\/\/ibericalanguages.com\/wp-content\/uploads\/2024\/10\/Iberica-Languages-1-1-1-02-1.jpg","width":2501,"height":1668,"caption":"Iberica Languages"},"image":{"@id":"https:\/\/ibericalanguages.com\/pl\/#\/schema\/logo\/image\/"},"sameAs":["https:\/\/www.facebook.com\/ibericalanguages\/"]}]}},"_links":{"self":[{"href":"https:\/\/ibericalanguages.com\/pl\/wp-json\/wp\/v2\/pages\/2731","targetHints":{"allow":["GET"]}}],"collection":[{"href":"https:\/\/ibericalanguages.com\/pl\/wp-json\/wp\/v2\/pages"}],"about":[{"href":"https:\/\/ibericalanguages.com\/pl\/wp-json\/wp\/v2\/types\/page"}],"author":[{"embeddable":true,"href":"https:\/\/ibericalanguages.com\/pl\/wp-json\/wp\/v2\/users\/1"}],"replies":[{"embeddable":true,"href":"https:\/\/ibericalanguages.com\/pl\/wp-json\/wp\/v2\/comments?post=2731"}],"version-history":[{"count":0,"href":"https:\/\/ibericalanguages.com\/pl\/wp-json\/wp\/v2\/pages\/2731\/revisions"}],"wp:attachment":[{"href":"https:\/\/ibericalanguages.com\/pl\/wp-json\/wp\/v2\/media?parent=2731"}],"curies":[{"name":"wp","href":"https:\/\/api.w.org\/{rel}","templated":true}]}}