{"id":1490,"date":"2023-04-26T16:19:25","date_gmt":"2023-04-26T16:19:25","guid":{"rendered":"https:\/\/ibericalanguages.com\/kontakt\/"},"modified":"2024-10-24T08:18:43","modified_gmt":"2024-10-24T08:18:43","slug":"kontakt","status":"publish","type":"page","link":"https:\/\/ibericalanguages.com\/pl\/kontakt\/","title":{"rendered":"Kontakt"},"content":{"rendered":"\t\t<div data-elementor-type=\"wp-page\" data-elementor-id=\"1490\" class=\"elementor elementor-1490 elementor-41\">\n\t\t\t\t\t\t<section class=\"elementor-section elementor-top-section elementor-element elementor-element-da5e49a elementor-section-boxed elementor-section-height-default elementor-section-height-default\" data-id=\"da5e49a\" data-element_type=\"section\">\n\t\t\t\t\t\t<div class=\"elementor-container elementor-column-gap-default\">\n\t\t\t\t\t<div class=\"elementor-column elementor-col-50 elementor-top-column elementor-element elementor-element-7c26731\" data-id=\"7c26731\" data-element_type=\"column\">\n\t\t\t<div class=\"elementor-widget-wrap elementor-element-populated\">\n\t\t\t\t\t\t<div class=\"elementor-element elementor-element-2ff9094 elementor-widget elementor-widget-heading\" data-id=\"2ff9094\" data-element_type=\"widget\" data-widget_type=\"heading.default\">\n\t\t\t\t<div class=\"elementor-widget-container\">\n\t\t\t<h2 class=\"elementor-heading-title elementor-size-default\">Jak mo\u017cemy ci pom\u00f3c?<\/h2>\t\t<\/div>\n\t\t\t\t<\/div>\n\t\t\t\t<div class=\"elementor-element elementor-element-dee200e elementor-widget__width-initial elementor-button-align-stretch elementor-widget elementor-widget-form\" data-id=\"dee200e\" data-element_type=\"widget\" data-settings=\"{&quot;step_next_label&quot;:&quot;Nast\\u0119pny&quot;,&quot;step_previous_label&quot;:&quot;Poprzedni&quot;,&quot;button_width&quot;:&quot;100&quot;,&quot;step_type&quot;:&quot;number_text&quot;,&quot;step_icon_shape&quot;:&quot;circle&quot;}\" data-widget_type=\"form.default\">\n\t\t\t\t<div class=\"elementor-widget-container\">\n\t\t\t\t\t<form class=\"elementor-form\" method=\"post\" name=\"Nuevo formulario\">\n\t\t\t<input type=\"hidden\" name=\"post_id\" value=\"1490\"\/>\n\t\t\t<input type=\"hidden\" name=\"form_id\" value=\"dee200e\"\/>\n\t\t\t<input type=\"hidden\" name=\"referer_title\" value=\"Iberica Languages\" \/>\n\n\t\t\t\n\t\t\t<div class=\"elementor-form-fields-wrapper elementor-labels-above\">\n\t\t\t\t\t\t\t\t<div class=\"elementor-field-type-text elementor-field-group elementor-column elementor-field-group-name elementor-col-100 elementor-field-required\">\n\t\t\t\t\t\t\t\t\t\t\t\t\t<input size=\"1\" type=\"text\" name=\"form_fields[name]\" id=\"form-field-name\" class=\"elementor-field elementor-size-sm  elementor-field-textual\" placeholder=\"Imi\u0119 i Nazwisko\" required=\"required\" aria-required=\"true\">\n\t\t\t\t\t\t\t\t\t\t\t<\/div>\n\t\t\t\t\t\t\t\t<div class=\"elementor-field-type-tel elementor-field-group elementor-column elementor-field-group-telefono elementor-col-100 elementor-field-required\">\n\t\t\t\t\t\t\t<input size=\"1\" type=\"tel\" name=\"form_fields[telefono]\" id=\"form-field-telefono\" class=\"elementor-field elementor-size-sm  elementor-field-textual\" placeholder=\"Numer Telefonu\" required=\"required\" aria-required=\"true\" pattern=\"[0-9()#&amp;+*-=.]+\" title=\"Akceptowane s\u0105 jedynie cyfry i znaki telefoniczne (#,-,*).\">\n\n\t\t\t\t\t\t<\/div>\n\t\t\t\t\t\t\t\t<div class=\"elementor-field-type-email elementor-field-group elementor-column elementor-field-group-email elementor-col-100 elementor-field-required\">\n\t\t\t\t\t\t\t\t\t\t\t\t\t<input size=\"1\" type=\"email\" name=\"form_fields[email]\" id=\"form-field-email\" class=\"elementor-field elementor-size-sm  elementor-field-textual\" placeholder=\"Email\" required=\"required\" aria-required=\"true\">\n\t\t\t\t\t\t\t\t\t\t\t<\/div>\n\t\t\t\t\t\t\t\t<div class=\"elementor-field-type-textarea elementor-field-group elementor-column elementor-field-group-message elementor-col-100\">\n\t\t\t\t\t<textarea class=\"elementor-field-textual elementor-field  elementor-size-sm\" name=\"form_fields[message]\" id=\"form-field-message\" rows=\"4\" placeholder=\"Wiadomo\u015b\u0107\"><\/textarea>\t\t\t\t<\/div>\n\t\t\t\t\t\t\t\t<div class=\"elementor-field-type-acceptance elementor-field-group elementor-column elementor-field-group-aceptacion elementor-col-100 elementor-field-required\">\n\t\t\t\t\t\t\t<div class=\"elementor-field-subgroup\">\n\t\t\t<span class=\"elementor-field-option\">\n\t\t\t\t<input type=\"checkbox\" name=\"form_fields[aceptacion]\" id=\"form-field-aceptacion\" class=\"elementor-field elementor-size-sm  elementor-acceptance-field\" required=\"required\" aria-required=\"true\">\n\t\t\t\t<label for=\"form-field-aceptacion\"><small>Pole do zaznaczenia: \"Zaznaczaj\u0105c to pole, wyra\u017casz zgod\u0119 na przetwarzanie Twoich danych w celach opisanych w Polityce prywatno\u015bci\". <\/small>\n<\/label>\t\t\t<\/span>\n\t\t<\/div>\n\t\t\t\t\t\t<\/div>\n\t\t\t\t\t\t\t\t<div class=\"elementor-field-type-acceptance elementor-field-group elementor-column elementor-field-group-aceptacion2 elementor-col-100\">\n\t\t\t\t\t\t\t<div class=\"elementor-field-subgroup\">\n\t\t\t<span class=\"elementor-field-option\">\n\t\t\t\t<input type=\"checkbox\" name=\"form_fields[aceptacion2]\" id=\"form-field-aceptacion2\" class=\"elementor-field elementor-size-sm  elementor-acceptance-field\">\n\t\t\t\t<label for=\"form-field-aceptacion2\"><small>Pole do zaznaczenia \"Chc\u0119 otrzymywa\u0107 oferty specjalne, wiadomo\u015bci i inne informacje marketingowe od Ib\u00e9rica Languages. Mo\u017cesz zrezygnowa\u0107 z subskrypcji w dowolnym momencie. B\u0119dziemy chroni\u0107 Twoje dane osobowe i nigdy nie sprzedamy ich innym firmom.<\/small>\n\n<\/label>\t\t\t<\/span>\n\t\t<\/div>\n\t\t\t\t\t\t<\/div>\n\t\t\t\t\t\t\t\t<div class=\"elementor-field-group elementor-column elementor-field-type-submit elementor-col-100 e-form__buttons\">\n\t\t\t\t\t<button type=\"submit\" class=\"elementor-button elementor-size-sm\">\n\t\t\t\t\t\t<span >\n\t\t\t\t\t\t\t\t\t\t\t\t\t\t\t<span class=\" elementor-button-icon\">\n\t\t\t\t\t\t\t\t\t\t\t\t\t\t\t\t\t\t\t\t\t\t\t\t\t\t<\/span>\n\t\t\t\t\t\t\t\t\t\t\t\t\t\t\t\t\t\t\t\t\t\t<span class=\"elementor-button-text\">Prze\u015blij<\/span>\n\t\t\t\t\t\t\t\t\t\t\t\t\t<\/span>\n\t\t\t\t\t<\/button>\n\t\t\t\t<\/div>\n\t\t\t<\/div>\n\t\t<\/form>\n\t\t\t\t<\/div>\n\t\t\t\t<\/div>\n\t\t\t\t\t<\/div>\n\t\t<\/div>\n\t\t\t\t<div class=\"elementor-column elementor-col-50 elementor-top-column elementor-element elementor-element-d13e937\" data-id=\"d13e937\" data-element_type=\"column\">\n\t\t\t<div class=\"elementor-widget-wrap elementor-element-populated\">\n\t\t\t\t\t\t<div class=\"elementor-element elementor-element-082a3b0 elementor-widget__width-initial elementor-widget elementor-widget-image\" data-id=\"082a3b0\" data-element_type=\"widget\" data-widget_type=\"image.default\">\n\t\t\t\t<div class=\"elementor-widget-container\">\n\t\t\t\t\t\t\t\t\t\t\t\t\t<img fetchpriority=\"high\" decoding=\"async\" width=\"321\" height=\"640\" src=\"https:\/\/ibericalanguages.com\/wp-content\/uploads\/2023\/06\/contacta-con-nosotros.jpg\" class=\"attachment-large size-large wp-image-513\" alt=\"\" srcset=\"https:\/\/ibericalanguages.com\/wp-content\/uploads\/2023\/06\/contacta-con-nosotros.jpg 321w, https:\/\/ibericalanguages.com\/wp-content\/uploads\/2023\/06\/contacta-con-nosotros-150x300.jpg 150w\" sizes=\"(max-width: 321px) 100vw, 321px\" \/>\t\t\t\t\t\t\t\t\t\t\t\t\t<\/div>\n\t\t\t\t<\/div>\n\t\t\t\t\t<\/div>\n\t\t<\/div>\n\t\t\t\t\t<\/div>\n\t\t<\/section>\n\t\t\t\t<\/div>\n\t\t","protected":false},"excerpt":{"rendered":"<p>Jak mo\u017cemy ci pom\u00f3c?<\/p>\n","protected":false},"author":1,"featured_media":0,"parent":0,"menu_order":0,"comment_status":"closed","ping_status":"closed","template":"","meta":{"site-sidebar-layout":"no-sidebar","site-content-layout":"page-builder","ast-global-header-display":"","ast-main-header-display":"","ast-hfb-above-header-display":"","ast-hfb-below-header-display":"","ast-hfb-mobile-header-display":"","site-post-title":"disabled","ast-breadcrumbs-content":"","ast-featured-img":"disabled","footer-sml-layout":"","theme-transparent-header-meta":"default","adv-header-id-meta":"","stick-header-meta":"","header-above-stick-meta":"","header-main-stick-meta":"","header-below-stick-meta":"","_joinchat":[],"footnotes":""},"class_list":["post-1490","page","type-page","status-publish","hentry"],"yoast_head":"<!-- This site is optimized with the Yoast SEO plugin v23.6 - https:\/\/yoast.com\/wordpress\/plugins\/seo\/ -->\n<title>Kontakt - Ib\u00e9rica Languages<\/title>\n<meta name=\"description\" content=\"Skontaktuj si\u0119 z Ib\u00e9rica Languages w przypadku jakichkolwiek pyta\u0144 dotycz\u0105cych naszych kurs\u00f3w j\u0119zykowych i us\u0142ug. Nasz zesp\u00f3\u0142 jest gotowy, aby zapewni\u0107 Ci spersonalizowan\u0105 pomoc. Skontaktuj si\u0119 z nami ju\u017c dzi\u015b! Kontakt!\" \/>\n<meta name=\"robots\" content=\"index, follow, max-snippet:-1, max-image-preview:large, max-video-preview:-1\" \/>\n<link rel=\"canonical\" href=\"https:\/\/ibericalanguages.com\/pl\/kontakt\/\" \/>\n<meta property=\"og:locale\" content=\"pl_PL\" \/>\n<meta property=\"og:type\" content=\"article\" \/>\n<meta property=\"og:title\" content=\"Kontakt - Ib\u00e9rica Languages\" \/>\n<meta property=\"og:description\" content=\"Skontaktuj si\u0119 z Ib\u00e9rica Languages w przypadku jakichkolwiek pyta\u0144 dotycz\u0105cych naszych kurs\u00f3w j\u0119zykowych i us\u0142ug. Nasz zesp\u00f3\u0142 jest gotowy, aby zapewni\u0107 Ci spersonalizowan\u0105 pomoc. Skontaktuj si\u0119 z nami ju\u017c dzi\u015b! Kontakt!\" \/>\n<meta property=\"og:url\" content=\"https:\/\/ibericalanguages.com\/pl\/kontakt\/\" \/>\n<meta property=\"og:site_name\" content=\"Iberica Languages\" \/>\n<meta property=\"article:publisher\" content=\"https:\/\/www.facebook.com\/ibericalanguages\/\" \/>\n<meta property=\"article:modified_time\" content=\"2024-10-24T08:18:43+00:00\" \/>\n<meta property=\"og:image\" content=\"https:\/\/ibericalanguages.com\/wp-content\/uploads\/2023\/06\/contacta-con-nosotros.jpg\" \/>\n<meta name=\"twitter:card\" content=\"summary_large_image\" \/>\n<meta name=\"twitter:label1\" content=\"Szacowany czas czytania\" \/>\n\t<meta name=\"twitter:data1\" content=\"1 minuta\" \/>\n<script type=\"application\/ld+json\" class=\"yoast-schema-graph\">{\"@context\":\"https:\/\/schema.org\",\"@graph\":[{\"@type\":\"WebPage\",\"@id\":\"https:\/\/ibericalanguages.com\/pl\/kontakt\/\",\"url\":\"https:\/\/ibericalanguages.com\/pl\/kontakt\/\",\"name\":\"Kontakt - Ib\u00e9rica Languages\",\"isPartOf\":{\"@id\":\"https:\/\/ibericalanguages.com\/pl\/#website\"},\"primaryImageOfPage\":{\"@id\":\"https:\/\/ibericalanguages.com\/pl\/kontakt\/#primaryimage\"},\"image\":{\"@id\":\"https:\/\/ibericalanguages.com\/pl\/kontakt\/#primaryimage\"},\"thumbnailUrl\":\"https:\/\/ibericalanguages.com\/wp-content\/uploads\/2023\/06\/contacta-con-nosotros.jpg\",\"datePublished\":\"2023-04-26T16:19:25+00:00\",\"dateModified\":\"2024-10-24T08:18:43+00:00\",\"description\":\"Skontaktuj si\u0119 z Ib\u00e9rica Languages w przypadku jakichkolwiek pyta\u0144 dotycz\u0105cych naszych kurs\u00f3w j\u0119zykowych i us\u0142ug. Nasz zesp\u00f3\u0142 jest gotowy, aby zapewni\u0107 Ci spersonalizowan\u0105 pomoc. Skontaktuj si\u0119 z nami ju\u017c dzi\u015b! Kontakt!\",\"breadcrumb\":{\"@id\":\"https:\/\/ibericalanguages.com\/pl\/kontakt\/#breadcrumb\"},\"inLanguage\":\"pl-PL\",\"potentialAction\":[{\"@type\":\"ReadAction\",\"target\":[\"https:\/\/ibericalanguages.com\/pl\/kontakt\/\"]}]},{\"@type\":\"ImageObject\",\"inLanguage\":\"pl-PL\",\"@id\":\"https:\/\/ibericalanguages.com\/pl\/kontakt\/#primaryimage\",\"url\":\"https:\/\/ibericalanguages.com\/wp-content\/uploads\/2023\/06\/contacta-con-nosotros.jpg\",\"contentUrl\":\"https:\/\/ibericalanguages.com\/wp-content\/uploads\/2023\/06\/contacta-con-nosotros.jpg\"},{\"@type\":\"BreadcrumbList\",\"@id\":\"https:\/\/ibericalanguages.com\/pl\/kontakt\/#breadcrumb\",\"itemListElement\":[{\"@type\":\"ListItem\",\"position\":1,\"name\":\"Portada\",\"item\":\"https:\/\/ibericalanguages.com\/pl\/\"},{\"@type\":\"ListItem\",\"position\":2,\"name\":\"Kontakt\"}]},{\"@type\":\"WebSite\",\"@id\":\"https:\/\/ibericalanguages.com\/pl\/#website\",\"url\":\"https:\/\/ibericalanguages.com\/pl\/\",\"name\":\"Iberica Languages\",\"description\":\"Aprende idiomas en las mejores escuelas\",\"publisher\":{\"@id\":\"https:\/\/ibericalanguages.com\/pl\/#organization\"},\"alternateName\":\"ibericalanguages.com\",\"potentialAction\":[{\"@type\":\"SearchAction\",\"target\":{\"@type\":\"EntryPoint\",\"urlTemplate\":\"https:\/\/ibericalanguages.com\/pl\/?s={search_term_string}\"},\"query-input\":{\"@type\":\"PropertyValueSpecification\",\"valueRequired\":true,\"valueName\":\"search_term_string\"}}],\"inLanguage\":\"pl-PL\"},{\"@type\":\"Organization\",\"@id\":\"https:\/\/ibericalanguages.com\/pl\/#organization\",\"name\":\"Iberica Languages\",\"alternateName\":\"ibericalanguages.com\",\"url\":\"https:\/\/ibericalanguages.com\/pl\/\",\"logo\":{\"@type\":\"ImageObject\",\"inLanguage\":\"pl-PL\",\"@id\":\"https:\/\/ibericalanguages.com\/pl\/#\/schema\/logo\/image\/\",\"url\":\"https:\/\/ibericalanguages.com\/wp-content\/uploads\/2024\/10\/Iberica-Languages-1-1-1-02-1.jpg\",\"contentUrl\":\"https:\/\/ibericalanguages.com\/wp-content\/uploads\/2024\/10\/Iberica-Languages-1-1-1-02-1.jpg\",\"width\":2501,\"height\":1668,\"caption\":\"Iberica Languages\"},\"image\":{\"@id\":\"https:\/\/ibericalanguages.com\/pl\/#\/schema\/logo\/image\/\"},\"sameAs\":[\"https:\/\/www.facebook.com\/ibericalanguages\/\"]}]}<\/script>\n<!-- \/ Yoast SEO plugin. -->","yoast_head_json":{"title":"Kontakt - Ib\u00e9rica Languages","description":"Skontaktuj si\u0119 z Ib\u00e9rica Languages w przypadku jakichkolwiek pyta\u0144 dotycz\u0105cych naszych kurs\u00f3w j\u0119zykowych i us\u0142ug. Nasz zesp\u00f3\u0142 jest gotowy, aby zapewni\u0107 Ci spersonalizowan\u0105 pomoc. Skontaktuj si\u0119 z nami ju\u017c dzi\u015b! Kontakt!","robots":{"index":"index","follow":"follow","max-snippet":"max-snippet:-1","max-image-preview":"max-image-preview:large","max-video-preview":"max-video-preview:-1"},"canonical":"https:\/\/ibericalanguages.com\/pl\/kontakt\/","og_locale":"pl_PL","og_type":"article","og_title":"Kontakt - Ib\u00e9rica Languages","og_description":"Skontaktuj si\u0119 z Ib\u00e9rica Languages w przypadku jakichkolwiek pyta\u0144 dotycz\u0105cych naszych kurs\u00f3w j\u0119zykowych i us\u0142ug. Nasz zesp\u00f3\u0142 jest gotowy, aby zapewni\u0107 Ci spersonalizowan\u0105 pomoc. Skontaktuj si\u0119 z nami ju\u017c dzi\u015b! Kontakt!","og_url":"https:\/\/ibericalanguages.com\/pl\/kontakt\/","og_site_name":"Iberica Languages","article_publisher":"https:\/\/www.facebook.com\/ibericalanguages\/","article_modified_time":"2024-10-24T08:18:43+00:00","og_image":[{"url":"https:\/\/ibericalanguages.com\/wp-content\/uploads\/2023\/06\/contacta-con-nosotros.jpg"}],"twitter_card":"summary_large_image","twitter_misc":{"Szacowany czas czytania":"1 minuta"},"schema":{"@context":"https:\/\/schema.org","@graph":[{"@type":"WebPage","@id":"https:\/\/ibericalanguages.com\/pl\/kontakt\/","url":"https:\/\/ibericalanguages.com\/pl\/kontakt\/","name":"Kontakt - Ib\u00e9rica Languages","isPartOf":{"@id":"https:\/\/ibericalanguages.com\/pl\/#website"},"primaryImageOfPage":{"@id":"https:\/\/ibericalanguages.com\/pl\/kontakt\/#primaryimage"},"image":{"@id":"https:\/\/ibericalanguages.com\/pl\/kontakt\/#primaryimage"},"thumbnailUrl":"https:\/\/ibericalanguages.com\/wp-content\/uploads\/2023\/06\/contacta-con-nosotros.jpg","datePublished":"2023-04-26T16:19:25+00:00","dateModified":"2024-10-24T08:18:43+00:00","description":"Skontaktuj si\u0119 z Ib\u00e9rica Languages w przypadku jakichkolwiek pyta\u0144 dotycz\u0105cych naszych kurs\u00f3w j\u0119zykowych i us\u0142ug. Nasz zesp\u00f3\u0142 jest gotowy, aby zapewni\u0107 Ci spersonalizowan\u0105 pomoc. Skontaktuj si\u0119 z nami ju\u017c dzi\u015b! Kontakt!","breadcrumb":{"@id":"https:\/\/ibericalanguages.com\/pl\/kontakt\/#breadcrumb"},"inLanguage":"pl-PL","potentialAction":[{"@type":"ReadAction","target":["https:\/\/ibericalanguages.com\/pl\/kontakt\/"]}]},{"@type":"ImageObject","inLanguage":"pl-PL","@id":"https:\/\/ibericalanguages.com\/pl\/kontakt\/#primaryimage","url":"https:\/\/ibericalanguages.com\/wp-content\/uploads\/2023\/06\/contacta-con-nosotros.jpg","contentUrl":"https:\/\/ibericalanguages.com\/wp-content\/uploads\/2023\/06\/contacta-con-nosotros.jpg"},{"@type":"BreadcrumbList","@id":"https:\/\/ibericalanguages.com\/pl\/kontakt\/#breadcrumb","itemListElement":[{"@type":"ListItem","position":1,"name":"Portada","item":"https:\/\/ibericalanguages.com\/pl\/"},{"@type":"ListItem","position":2,"name":"Kontakt"}]},{"@type":"WebSite","@id":"https:\/\/ibericalanguages.com\/pl\/#website","url":"https:\/\/ibericalanguages.com\/pl\/","name":"Iberica Languages","description":"Aprende idiomas en las mejores escuelas","publisher":{"@id":"https:\/\/ibericalanguages.com\/pl\/#organization"},"alternateName":"ibericalanguages.com","potentialAction":[{"@type":"SearchAction","target":{"@type":"EntryPoint","urlTemplate":"https:\/\/ibericalanguages.com\/pl\/?s={search_term_string}"},"query-input":{"@type":"PropertyValueSpecification","valueRequired":true,"valueName":"search_term_string"}}],"inLanguage":"pl-PL"},{"@type":"Organization","@id":"https:\/\/ibericalanguages.com\/pl\/#organization","name":"Iberica Languages","alternateName":"ibericalanguages.com","url":"https:\/\/ibericalanguages.com\/pl\/","logo":{"@type":"ImageObject","inLanguage":"pl-PL","@id":"https:\/\/ibericalanguages.com\/pl\/#\/schema\/logo\/image\/","url":"https:\/\/ibericalanguages.com\/wp-content\/uploads\/2024\/10\/Iberica-Languages-1-1-1-02-1.jpg","contentUrl":"https:\/\/ibericalanguages.com\/wp-content\/uploads\/2024\/10\/Iberica-Languages-1-1-1-02-1.jpg","width":2501,"height":1668,"caption":"Iberica Languages"},"image":{"@id":"https:\/\/ibericalanguages.com\/pl\/#\/schema\/logo\/image\/"},"sameAs":["https:\/\/www.facebook.com\/ibericalanguages\/"]}]}},"_links":{"self":[{"href":"https:\/\/ibericalanguages.com\/pl\/wp-json\/wp\/v2\/pages\/1490","targetHints":{"allow":["GET"]}}],"collection":[{"href":"https:\/\/ibericalanguages.com\/pl\/wp-json\/wp\/v2\/pages"}],"about":[{"href":"https:\/\/ibericalanguages.com\/pl\/wp-json\/wp\/v2\/types\/page"}],"author":[{"embeddable":true,"href":"https:\/\/ibericalanguages.com\/pl\/wp-json\/wp\/v2\/users\/1"}],"replies":[{"embeddable":true,"href":"https:\/\/ibericalanguages.com\/pl\/wp-json\/wp\/v2\/comments?post=1490"}],"version-history":[{"count":0,"href":"https:\/\/ibericalanguages.com\/pl\/wp-json\/wp\/v2\/pages\/1490\/revisions"}],"wp:attachment":[{"href":"https:\/\/ibericalanguages.com\/pl\/wp-json\/wp\/v2\/media?parent=1490"}],"curies":[{"name":"wp","href":"https:\/\/api.w.org\/{rel}","templated":true}]}}