{"id":2719,"date":"2023-05-09T10:17:52","date_gmt":"2023-05-09T10:17:52","guid":{"rendered":"https:\/\/ibericalanguages.com\/legal-notice\/"},"modified":"2024-10-16T11:07:01","modified_gmt":"2024-10-16T11:07:01","slug":"legal-notice","status":"publish","type":"page","link":"https:\/\/ibericalanguages.com\/en\/legal-notice\/","title":{"rendered":"Legal notice"},"content":{"rendered":"<div class=\"viewport\">\n<div class=\"content\">\n<section class=\"main-content-one-sidebar\">\n<article id=\"post-758\">\n<section>\n<h2><b>Terms of Use<\/b><\/h2>\n<p>Mediante la web <a href=\"https:\/\/ibericalanguages.com\/\">www.ibericalanguages.com<\/a> se facilita el acceso al Portal web propiedad de Ib\u00e9rica Languages para ofrecer a los Usuarios el acceso general a la informaci\u00f3n, actividades, productos y servicios que ofrece. El hecho de conectarse a esta p\u00e1gina web atribuye al navegante la condici\u00f3n de Usuario del Sitio, lo cual implica la aceptaci\u00f3n del presente Aviso Legal. El Usuario se compromete a no utilizar cualquiera de los contenidos que www.ibericalanguages.com ponga a su disposici\u00f3n para desarrollar actividades contrarias a las leyes, a la moral o al orden p\u00fablico y, en general, a hacer un uso conforme a las presentes condiciones; y responder\u00e1, frente al propietario y \/ o frente a terceros, de cualesquiera da\u00f1os y perjuicios que pudieran causar se como consecuencia del incumplimiento de dicha obligaci\u00f3n. Quien utiliza este sitio web, lo hace por su propia responsabilidad. Ib\u00e9rica Languages se reserva el derecho a interrumpir el acceso a su Sitio web, a servicios y contenidos del Portal, de manera temporal o definitiva, cuando as\u00ed lo estime conveniente y sin previo aviso, ya sea por motivos t\u00e9cnicos, de seguridad, de control, de mantenimiento, por fallos de suministro el\u00e9ctrico o por cualquier otra causa. Ib\u00e9rica Languages se reserva el derecho a alterar, en cualquier momento y sin previo aviso, la configuraci\u00f3n, presentaci\u00f3n o el dise\u00f1o, de su web, as\u00ed como algunos o todos los contenidos, y modificar las condiciones de uso expuestas en este Aviso Legal.<\/p>\n<h2><b>Intellectual and Industrial Property<\/b><\/h2>\n<p>The intellectual property rights to all content and graphic design of this website are owned by Ib\u00e9rica Languages or the collaborating schools. Reproduction, copying, use, distribution, commercialization, or public communication, except for personal and private use, without authorization constitutes an infringement of the intellectual property rights of Ib\u00e9rica Languages or its collaborating schools, and is subject to sanctions under current legislation. Likewise, all trade names, trademarks, or distinctive signs of any kind contained on the website are protected by law. Additionally, the User acknowledges that the information they may access through the website may be protected by industrial, intellectual, or other types of property rights. Ib\u00e9rica Languages will not be liable in any case and under any circumstances for any infringement of such rights that may be committed by the User.<\/p>\n<h2><b>Liability<\/b><\/h2>\n<p>Ib\u00e9rica Languages is not responsible for the misuse of the website content by Internet Users, with the User being solely responsible for any violations they may commit. Similarly, it disclaims any responsibility for information not contained on these web pages and, therefore, not created by Ib\u00e9rica Languages or not published under its name.<br \/>\nIb\u00e9rica Languages will not be liable for any service interruptions, delays, errors, malfunctions, or other inconveniences that arise from causes beyond its control and\/or due to willful or negligent actions by the User and\/or due to force majeure.<br \/>\nIn addition to what is established in Article 1105 of the Civil Code, force majeure shall include, for the purposes of these general conditions, all events occurring beyond the control of Ib\u00e9rica Languages, such as: failures by third parties, operators, or service companies, acts of government, lack of access to third-party networks, acts or omissions by public authorities, events caused by natural phenomena, blackouts, etc., and attacks by hackers or specialized third parties on the security or integrity of the computer system, provided that Ib\u00e9rica Languages has adopted all existing security measures in accordance with the state of the art.<br \/>\nIn any case, regardless of the cause, Ib\u00e9rica Languages will not assume any liability for direct or indirect damages, consequential damages, and\/or lost profits. Ib\u00e9rica Languages reserves the right, without any compensation to the User for these concepts, to temporarily suspend the services and content of the website for maintenance, improvement, or repair operations.<br \/>\nIb\u00e9rica Languages is not responsible for any damage that may occur to Users&#8217; equipment due to potential computer viruses contracted during their navigation of the website or any other damage arising from that navigation. Ib\u00e9rica Languages is responsible for the accuracy of the website and its content but not for any changes made by the collaborating schools without prior notice.<\/p>\n<h2><b>Jurisdiction and Applicable Law<\/b><\/h2>\n<p>For any disputes related to this legal notice, the parties expressly agree to submit to the courts of M\u00e1laga (Spain) and the applicable state and regional legislation.<\/p>\n<\/section>\n<\/article>\n<\/section>\n<\/div>\n<\/div>\n","protected":false},"excerpt":{"rendered":"<p>Terms of Use Mediante la web www.ibericalanguages.com se facilita el acceso al Portal web propiedad de Ib\u00e9rica Languages para ofrecer a los Usuarios el acceso general a la informaci\u00f3n, actividades, productos y servicios que ofrece. El hecho de conectarse a esta p\u00e1gina web atribuye al navegante la condici\u00f3n de Usuario del Sitio, lo cual implica &hellip;<\/p>\n<p class=\"read-more\"> <a class=\"\" href=\"https:\/\/ibericalanguages.com\/en\/legal-notice\/\"> <span class=\"screen-reader-text\">Legal notice<\/span> Read More &raquo;<\/a><\/p>\n","protected":false},"author":1,"featured_media":0,"parent":0,"menu_order":0,"comment_status":"closed","ping_status":"closed","template":"","meta":{"site-sidebar-layout":"default","site-content-layout":"default","ast-global-header-display":"","ast-main-header-display":"","ast-hfb-above-header-display":"","ast-hfb-below-header-display":"","ast-hfb-mobile-header-display":"","site-post-title":"","ast-breadcrumbs-content":"","ast-featured-img":"","footer-sml-layout":"","theme-transparent-header-meta":"default","adv-header-id-meta":"","stick-header-meta":"","header-above-stick-meta":"","header-main-stick-meta":"","header-below-stick-meta":"","_joinchat":[],"footnotes":""},"class_list":["post-2719","page","type-page","status-publish","hentry"],"yoast_head":"<!-- This site is optimized with the Yoast SEO plugin v23.6 - https:\/\/yoast.com\/wordpress\/plugins\/seo\/ -->\n<title>Legal notice - Iberica Languages<\/title>\n<meta name=\"robots\" content=\"noindex, nofollow\" \/>\n<meta property=\"og:locale\" content=\"en_US\" \/>\n<meta property=\"og:type\" content=\"article\" \/>\n<meta property=\"og:title\" content=\"Legal notice - Iberica Languages\" \/>\n<meta property=\"og:description\" content=\"Terms of Use Mediante la web www.ibericalanguages.com se facilita el acceso al Portal web propiedad de Ib\u00e9rica Languages para ofrecer a los Usuarios el acceso general a la informaci\u00f3n, actividades, productos y servicios que ofrece. El hecho de conectarse a esta p\u00e1gina web atribuye al navegante la condici\u00f3n de Usuario del Sitio, lo cual implica &hellip; Legal notice Read More &raquo;\" \/>\n<meta property=\"og:url\" content=\"https:\/\/ibericalanguages.com\/en\/legal-notice\/\" \/>\n<meta property=\"og:site_name\" content=\"Iberica Languages\" \/>\n<meta property=\"article:publisher\" content=\"https:\/\/www.facebook.com\/ibericalanguages\/\" \/>\n<meta property=\"article:modified_time\" content=\"2024-10-16T11:07:01+00:00\" \/>\n<meta name=\"twitter:card\" content=\"summary_large_image\" \/>\n<meta name=\"twitter:label1\" content=\"Est. reading time\" \/>\n\t<meta name=\"twitter:data1\" content=\"4 minutes\" \/>\n<script type=\"application\/ld+json\" class=\"yoast-schema-graph\">{\"@context\":\"https:\/\/schema.org\",\"@graph\":[{\"@type\":\"WebPage\",\"@id\":\"https:\/\/ibericalanguages.com\/en\/legal-notice\/\",\"url\":\"https:\/\/ibericalanguages.com\/en\/legal-notice\/\",\"name\":\"Legal notice - Iberica Languages\",\"isPartOf\":{\"@id\":\"https:\/\/ibericalanguages.com\/en\/#website\"},\"datePublished\":\"2023-05-09T10:17:52+00:00\",\"dateModified\":\"2024-10-16T11:07:01+00:00\",\"breadcrumb\":{\"@id\":\"https:\/\/ibericalanguages.com\/en\/legal-notice\/#breadcrumb\"},\"inLanguage\":\"en-US\",\"potentialAction\":[{\"@type\":\"ReadAction\",\"target\":[\"https:\/\/ibericalanguages.com\/en\/legal-notice\/\"]}]},{\"@type\":\"BreadcrumbList\",\"@id\":\"https:\/\/ibericalanguages.com\/en\/legal-notice\/#breadcrumb\",\"itemListElement\":[{\"@type\":\"ListItem\",\"position\":1,\"name\":\"Portada\",\"item\":\"https:\/\/ibericalanguages.com\/en\/\"},{\"@type\":\"ListItem\",\"position\":2,\"name\":\"Legal notice\"}]},{\"@type\":\"WebSite\",\"@id\":\"https:\/\/ibericalanguages.com\/en\/#website\",\"url\":\"https:\/\/ibericalanguages.com\/en\/\",\"name\":\"Iberica Languages\",\"description\":\"Aprende idiomas en las mejores escuelas\",\"publisher\":{\"@id\":\"https:\/\/ibericalanguages.com\/en\/#organization\"},\"alternateName\":\"ibericalanguages.com\",\"potentialAction\":[{\"@type\":\"SearchAction\",\"target\":{\"@type\":\"EntryPoint\",\"urlTemplate\":\"https:\/\/ibericalanguages.com\/en\/?s={search_term_string}\"},\"query-input\":{\"@type\":\"PropertyValueSpecification\",\"valueRequired\":true,\"valueName\":\"search_term_string\"}}],\"inLanguage\":\"en-US\"},{\"@type\":\"Organization\",\"@id\":\"https:\/\/ibericalanguages.com\/en\/#organization\",\"name\":\"Iberica Languages\",\"alternateName\":\"ibericalanguages.com\",\"url\":\"https:\/\/ibericalanguages.com\/en\/\",\"logo\":{\"@type\":\"ImageObject\",\"inLanguage\":\"en-US\",\"@id\":\"https:\/\/ibericalanguages.com\/en\/#\/schema\/logo\/image\/\",\"url\":\"https:\/\/ibericalanguages.com\/wp-content\/uploads\/2024\/10\/Iberica-Languages-1-1-1-02-1.jpg\",\"contentUrl\":\"https:\/\/ibericalanguages.com\/wp-content\/uploads\/2024\/10\/Iberica-Languages-1-1-1-02-1.jpg\",\"width\":2501,\"height\":1668,\"caption\":\"Iberica Languages\"},\"image\":{\"@id\":\"https:\/\/ibericalanguages.com\/en\/#\/schema\/logo\/image\/\"},\"sameAs\":[\"https:\/\/www.facebook.com\/ibericalanguages\/\"]}]}<\/script>\n<!-- \/ Yoast SEO plugin. -->","yoast_head_json":{"title":"Legal notice - Iberica Languages","robots":{"index":"noindex","follow":"nofollow"},"og_locale":"en_US","og_type":"article","og_title":"Legal notice - Iberica Languages","og_description":"Terms of Use Mediante la web www.ibericalanguages.com se facilita el acceso al Portal web propiedad de Ib\u00e9rica Languages para ofrecer a los Usuarios el acceso general a la informaci\u00f3n, actividades, productos y servicios que ofrece. El hecho de conectarse a esta p\u00e1gina web atribuye al navegante la condici\u00f3n de Usuario del Sitio, lo cual implica &hellip; Legal notice Read More &raquo;","og_url":"https:\/\/ibericalanguages.com\/en\/legal-notice\/","og_site_name":"Iberica Languages","article_publisher":"https:\/\/www.facebook.com\/ibericalanguages\/","article_modified_time":"2024-10-16T11:07:01+00:00","twitter_card":"summary_large_image","twitter_misc":{"Est. reading time":"4 minutes"},"schema":{"@context":"https:\/\/schema.org","@graph":[{"@type":"WebPage","@id":"https:\/\/ibericalanguages.com\/en\/legal-notice\/","url":"https:\/\/ibericalanguages.com\/en\/legal-notice\/","name":"Legal notice - Iberica Languages","isPartOf":{"@id":"https:\/\/ibericalanguages.com\/en\/#website"},"datePublished":"2023-05-09T10:17:52+00:00","dateModified":"2024-10-16T11:07:01+00:00","breadcrumb":{"@id":"https:\/\/ibericalanguages.com\/en\/legal-notice\/#breadcrumb"},"inLanguage":"en-US","potentialAction":[{"@type":"ReadAction","target":["https:\/\/ibericalanguages.com\/en\/legal-notice\/"]}]},{"@type":"BreadcrumbList","@id":"https:\/\/ibericalanguages.com\/en\/legal-notice\/#breadcrumb","itemListElement":[{"@type":"ListItem","position":1,"name":"Portada","item":"https:\/\/ibericalanguages.com\/en\/"},{"@type":"ListItem","position":2,"name":"Legal notice"}]},{"@type":"WebSite","@id":"https:\/\/ibericalanguages.com\/en\/#website","url":"https:\/\/ibericalanguages.com\/en\/","name":"Iberica Languages","description":"Aprende idiomas en las mejores escuelas","publisher":{"@id":"https:\/\/ibericalanguages.com\/en\/#organization"},"alternateName":"ibericalanguages.com","potentialAction":[{"@type":"SearchAction","target":{"@type":"EntryPoint","urlTemplate":"https:\/\/ibericalanguages.com\/en\/?s={search_term_string}"},"query-input":{"@type":"PropertyValueSpecification","valueRequired":true,"valueName":"search_term_string"}}],"inLanguage":"en-US"},{"@type":"Organization","@id":"https:\/\/ibericalanguages.com\/en\/#organization","name":"Iberica Languages","alternateName":"ibericalanguages.com","url":"https:\/\/ibericalanguages.com\/en\/","logo":{"@type":"ImageObject","inLanguage":"en-US","@id":"https:\/\/ibericalanguages.com\/en\/#\/schema\/logo\/image\/","url":"https:\/\/ibericalanguages.com\/wp-content\/uploads\/2024\/10\/Iberica-Languages-1-1-1-02-1.jpg","contentUrl":"https:\/\/ibericalanguages.com\/wp-content\/uploads\/2024\/10\/Iberica-Languages-1-1-1-02-1.jpg","width":2501,"height":1668,"caption":"Iberica Languages"},"image":{"@id":"https:\/\/ibericalanguages.com\/en\/#\/schema\/logo\/image\/"},"sameAs":["https:\/\/www.facebook.com\/ibericalanguages\/"]}]}},"_links":{"self":[{"href":"https:\/\/ibericalanguages.com\/en\/wp-json\/wp\/v2\/pages\/2719","targetHints":{"allow":["GET"]}}],"collection":[{"href":"https:\/\/ibericalanguages.com\/en\/wp-json\/wp\/v2\/pages"}],"about":[{"href":"https:\/\/ibericalanguages.com\/en\/wp-json\/wp\/v2\/types\/page"}],"author":[{"embeddable":true,"href":"https:\/\/ibericalanguages.com\/en\/wp-json\/wp\/v2\/users\/1"}],"replies":[{"embeddable":true,"href":"https:\/\/ibericalanguages.com\/en\/wp-json\/wp\/v2\/comments?post=2719"}],"version-history":[{"count":0,"href":"https:\/\/ibericalanguages.com\/en\/wp-json\/wp\/v2\/pages\/2719\/revisions"}],"wp:attachment":[{"href":"https:\/\/ibericalanguages.com\/en\/wp-json\/wp\/v2\/media?parent=2719"}],"curies":[{"name":"wp","href":"https:\/\/api.w.org\/{rel}","templated":true}]}}